{"id":61,"date":"2020-01-23T18:21:52","date_gmt":"2020-01-23T18:21:52","guid":{"rendered":"https:\/\/demosites.io\/web-agency-gb\/?page_id=61"},"modified":"2022-11-26T21:13:53","modified_gmt":"2022-11-26T20:13:53","slug":"15c42-web-agency-gb-about-us","status":"publish","type":"page","link":"https:\/\/bdadebarras.com\/index.php\/15c42-web-agency-gb-about-us\/","title":{"rendered":""},"content":{"rendered":"\n<div class=\"wp-block-cover alignfull\" style=\"min-height:593px;aspect-ratio:unset;\"><span aria-hidden=\"true\" class=\"wp-block-cover__background has-nv-light-bg-background-color has-background-dim-100 has-background-dim\"><\/span><div class=\"wp-block-cover__inner-container is-layout-flow wp-block-cover-is-layout-flow\">\n<div class=\"wp-block-group\"><div class=\"wp-block-group__inner-container is-layout-flow wp-block-group-is-layout-flow\">\n<div class=\"wp-block-columns are-vertically-aligned-center is-layout-flex wp-container-core-columns-is-layout-9d6595d7 wp-block-columns-is-layout-flex\">\n<div class=\"wp-block-column is-vertically-aligned-center has-medium-font-size is-layout-flow wp-block-column-is-layout-flow\" style=\"flex-basis:50%\">\n<figure class=\"wp-block-image size-full is-resized\"><img loading=\"lazy\" decoding=\"async\" src=\"https:\/\/bdadebarras.com\/wp-content\/uploads\/2022\/11\/neve-web-design-bg-09.jpg\" alt=\"\" class=\"wp-image-393\" width=\"500\" height=\"500\" srcset=\"https:\/\/bdadebarras.com\/wp-content\/uploads\/2022\/11\/neve-web-design-bg-09.jpg 600w, https:\/\/bdadebarras.com\/wp-content\/uploads\/2022\/11\/neve-web-design-bg-09-300x300.jpg 300w, https:\/\/bdadebarras.com\/wp-content\/uploads\/2022\/11\/neve-web-design-bg-09-150x150.jpg 150w\" sizes=\"auto, (max-width: 500px) 100vw, 500px\" \/><\/figure>\n<\/div>\n\n\n\n<div class=\"wp-block-column is-vertically-aligned-center has-medium-font-size is-layout-flow wp-block-column-is-layout-flow\" style=\"flex-basis:50%\">\n<h2 class=\"has-neve-text-color-color has-text-color has-large-font-size wp-block-heading\">Besoin d&rsquo;aide d\u00e9barras,<br>c&rsquo;est quoi ?<\/h2>\n\n\n\n<p class=\"has-nv-dark-bg-color has-text-color\">Jacques se d\u00e9place&nbsp;sur toute l\u2019ile de France.&nbsp;<\/p>\n\n\n\n<p class=\"has-nv-dark-bg-color has-text-color\">Professionnels exp\u00e9riment\u00e9s vous fournissent un d\u00e9barras complet.&nbsp;<\/p>\n\n\n\n<p class=\"has-nv-dark-bg-color has-text-color\">Une maison enti\u00e8rement vide \u00e0 notre d\u00e9part. Tous les d\u00e9chets seront enti\u00e8rement recycl\u00e9s dans le cadre de notre d\u00e9marche environnementale. Nous g\u00e9rons enti\u00e8rement la logistique.<\/p>\n\n\n\n<p class=\"has-nv-dark-bg-color has-text-color\"><strong><em>Maison, appartement, cave, grenier, local<\/em><\/strong>\u00a0<\/p>\n<\/div>\n<\/div>\n<\/div><\/div>\n<\/div><\/div>\n\n\n\n<div class=\"wp-block-cover alignfull\" style=\"min-height:527px;aspect-ratio:unset;\"><span aria-hidden=\"true\" class=\"wp-block-cover__background has-nv-dark-bg-background-color has-background-dim-100 has-background-dim\"><\/span><div class=\"wp-block-cover__inner-container is-layout-flow wp-block-cover-is-layout-flow\">\n<div style=\"height:61px\" aria-hidden=\"true\" class=\"wp-block-spacer\"><\/div>\n\n\n\n<div class=\"wp-block-columns is-layout-flex wp-container-core-columns-is-layout-9d6595d7 wp-block-columns-is-layout-flex\">\n<div class=\"wp-block-column ticss-4ce656f1 is-layout-flow wp-block-column-is-layout-flow\">\n<figure class=\"wp-block-image size-large icon-style is-style-rounded\"><img loading=\"lazy\" decoding=\"async\" width=\"72\" height=\"72\" src=\"https:\/\/bdadebarras.com\/wp-content\/uploads\/2020\/01\/neve-webdesign-GB-03.png\" alt=\"\" class=\"wp-image-20\"\/><\/figure>\n\n\n\n<p><\/p>\n\n\n\n<h3 class=\"has-text-align-left has-text-align-center has-nv-site-bg-color has-text-color wp-block-heading\"><strong>Destruction des archives et documents<\/strong><\/h3>\n\n\n\n<p class=\"has-text-align-left has-nv-site-bg-color has-text-color\" style=\"font-size:15px\">D\u00e9livrance d\u2019un certificat de destruction.&nbsp;<br>Confidentiel.<\/p>\n\n\n\n<div style=\"height:20px\" aria-hidden=\"true\" class=\"wp-block-spacer\"><\/div>\n<\/div>\n\n\n\n<div class=\"wp-block-column ticss-f6fc7494 is-layout-flow wp-block-column-is-layout-flow\">\n<figure class=\"wp-block-image size-large icon-style is-style-rounded\"><img loading=\"lazy\" decoding=\"async\" width=\"72\" height=\"72\" src=\"https:\/\/bdadebarras.com\/wp-content\/uploads\/2020\/01\/neve-webdesign-GB-03.png\" alt=\"\" class=\"wp-image-20\"\/><\/figure>\n\n\n\n<p><\/p>\n\n\n\n<h3 class=\"has-text-align-left has-text-align-center has-nv-site-bg-color has-text-color wp-block-heading\">Transfert de mobilier<\/h3>\n\n\n\n<p class=\"has-text-align-left has-nv-site-bg-color has-text-color\" style=\"font-size:15px\">Am\u00e9nagement de pi\u00e8ce, d\u00e9montage et montage mobilier, \u00e9lectrom\u00e9nager.<br><br>L&rsquo;adaptation fait partie de notre m\u00e9tier service sur mesure<\/p>\n\n\n\n<div style=\"height:20px\" aria-hidden=\"true\" class=\"wp-block-spacer\"><\/div>\n<\/div>\n\n\n\n<div class=\"wp-block-column ticss-a5b4df29 is-layout-flow wp-block-column-is-layout-flow\">\n<figure class=\"wp-block-image size-large icon-style is-style-rounded\"><img loading=\"lazy\" decoding=\"async\" width=\"72\" height=\"72\" src=\"https:\/\/bdadebarras.com\/wp-content\/uploads\/2020\/01\/neve-webdesign-GB-03.png\" alt=\"\" class=\"wp-image-20\"\/><\/figure>\n\n\n\n<p><\/p>\n\n\n\n<h3 class=\"has-text-align-left has-text-align-center has-nv-site-bg-color has-text-color wp-block-heading\"><strong>D\u00e9barras<\/strong>, vide maison<\/h3>\n\n\n\n<p class=\"has-text-align-left has-nv-text-dark-bg-color has-text-color\" style=\"font-size:15px\">Enl\u00e8vement, d\u00e9blaiement, emballage, trie.<br><br>Transport en d\u00e9ch\u00e8terie.<\/p>\n\n\n\n<div style=\"height:20px\" aria-hidden=\"true\" class=\"wp-block-spacer\"><\/div>\n<\/div>\n<\/div>\n<\/div><\/div>\n","protected":false},"excerpt":{"rendered":"","protected":false},"author":1,"featured_media":0,"parent":0,"menu_order":0,"comment_status":"closed","ping_status":"closed","template":"","meta":{"neve_meta_sidebar":"default","neve_meta_container":"default","neve_meta_enable_content_width":"on","neve_meta_content_width":100,"neve_meta_title_alignment":"","neve_meta_author_avatar":"","neve_post_elements_order":"","neve_meta_disable_header":"","neve_meta_disable_footer":"","neve_meta_disable_title":"on","_ti_tpc_template_sync":false,"_ti_tpc_template_id":"0qhau2t6eoekosrgo1a2","_glsr_average":0,"_glsr_ranking":0,"_glsr_reviews":0,"footnotes":""},"class_list":["post-61","page","type-page","status-publish","hentry"],"_links":{"self":[{"href":"https:\/\/bdadebarras.com\/index.php\/wp-json\/wp\/v2\/pages\/61","targetHints":{"allow":["GET"]}}],"collection":[{"href":"https:\/\/bdadebarras.com\/index.php\/wp-json\/wp\/v2\/pages"}],"about":[{"href":"https:\/\/bdadebarras.com\/index.php\/wp-json\/wp\/v2\/types\/page"}],"author":[{"embeddable":true,"href":"https:\/\/bdadebarras.com\/index.php\/wp-json\/wp\/v2\/users\/1"}],"replies":[{"embeddable":true,"href":"https:\/\/bdadebarras.com\/index.php\/wp-json\/wp\/v2\/comments?post=61"}],"version-history":[{"count":18,"href":"https:\/\/bdadebarras.com\/index.php\/wp-json\/wp\/v2\/pages\/61\/revisions"}],"predecessor-version":[{"id":531,"href":"https:\/\/bdadebarras.com\/index.php\/wp-json\/wp\/v2\/pages\/61\/revisions\/531"}],"wp:attachment":[{"href":"https:\/\/bdadebarras.com\/index.php\/wp-json\/wp\/v2\/media?parent=61"}],"curies":[{"name":"wp","href":"https:\/\/api.w.org\/{rel}","templated":true}]}}